{"id":1865,"date":"2025-09-26T09:18:13","date_gmt":"2025-09-26T09:18:13","guid":{"rendered":"https:\/\/nou.cnscb.ro\/?page_id=1865"},"modified":"2025-10-01T11:23:13","modified_gmt":"2025-10-01T11:23:13","slug":"proiect-bilingv","status":"publish","type":"page","link":"https:\/\/nou.cnscb.ro\/en\/proiect-bilingv\/","title":{"rendered":"Proiect bilingv"},"content":{"rendered":"<div data-elementor-type=\"wp-page\" data-elementor-id=\"1865\" class=\"elementor elementor-1865\" data-elementor-post-type=\"page\">\n\t\t\t\t<div class=\"elementor-element elementor-element-5aee033 e-con-full e-flex e-con e-parent\" data-id=\"5aee033\" data-element_type=\"container\" data-settings=\"{&quot;background_background&quot;:&quot;classic&quot;}\">\n\t\t\t\t<\/div>\n\t\t<div class=\"elementor-element elementor-element-525e484 e-flex e-con-boxed e-con e-parent\" data-id=\"525e484\" data-element_type=\"container\">\n\t\t\t\t\t<div class=\"e-con-inner\">\n\t\t<div class=\"elementor-element elementor-element-a800e17 e-con-full e-flex e-con e-child\" data-id=\"a800e17\" data-element_type=\"container\">\n\t\t\t\t<div class=\"elementor-element elementor-element-e2cc93d elementor-widget elementor-widget-image\" data-id=\"e2cc93d\" data-element_type=\"widget\" data-widget_type=\"image.default\">\n\t\t\t\t<div class=\"elementor-widget-container\">\n\t\t\t\t\t\t\t\t\t\t\t\t\t\t\t<img fetchpriority=\"high\" decoding=\"async\" width=\"990\" height=\"711\" src=\"https:\/\/nou.cnscb.ro\/wp-content\/uploads\/2025\/09\/1.jpg\" class=\"attachment-large size-large wp-image-1871\" alt=\"\" srcset=\"https:\/\/nou.cnscb.ro\/wp-content\/uploads\/2025\/09\/1.jpg 990w, https:\/\/nou.cnscb.ro\/wp-content\/uploads\/2025\/09\/1-300x215.jpg 300w, https:\/\/nou.cnscb.ro\/wp-content\/uploads\/2025\/09\/1-768x552.jpg 768w, https:\/\/nou.cnscb.ro\/wp-content\/uploads\/2025\/09\/1-18x12.jpg 18w\" sizes=\"(max-width: 990px) 100vw, 990px\" \/>\t\t\t\t\t\t\t\t\t\t\t\t\t\t\t<\/div>\n\t\t\t\t<\/div>\n\t\t\t\t<\/div>\n\t\t<div class=\"elementor-element elementor-element-c3cb147 e-con-full e-flex e-con e-child\" data-id=\"c3cb147\" data-element_type=\"container\">\n\t\t\t\t<div class=\"elementor-element elementor-element-dc8fd42 elementor-widget elementor-widget-text-editor\" data-id=\"dc8fd42\" data-element_type=\"widget\" data-widget_type=\"text-editor.default\">\n\t\t\t\t<div class=\"elementor-widget-container\">\n\t\t\t\t\t\t\t\t\t<p>\u00a0<\/p><p class=\"western\"><strong data-start=\"33\" data-end=\"70\">Colegiul Na\u021bional \u0218COALA CENTRAL\u0102<\/strong> din Bucure\u0219ti este singurul liceu din capital\u0103 care face parte din Proiectul bilingv francofon na\u021bional <span style=\"color: #008000;\"><strong><em data-start=\"175\" data-end=\"241\">De la \u00eenv\u0103\u021b\u0103m\u00e2ntul bilingv c\u0103tre filiere universitare francofone<\/em><\/strong><\/span>, dezvoltat \u00een baza unui acord bilateral \u00eentre Fran\u021ba \u0219i Rom\u00e2nia.<\/p>\t\t\t\t\t\t\t\t<\/div>\n\t\t\t\t<\/div>\n\t\t\t\t<\/div>\n\t\t\t\t\t<\/div>\n\t\t\t\t<\/div>\n\t\t<div class=\"elementor-element elementor-element-ebf4c1e e-flex e-con-boxed e-con e-parent\" data-id=\"ebf4c1e\" data-element_type=\"container\">\n\t\t\t\t\t<div class=\"e-con-inner\">\n\t\t<div class=\"elementor-element elementor-element-6d7b66b e-con-full e-flex e-con e-child\" data-id=\"6d7b66b\" data-element_type=\"container\">\n\t\t\t\t<div class=\"elementor-element elementor-element-d7621ec elementor-widget elementor-widget-text-editor\" data-id=\"d7621ec\" data-element_type=\"widget\" data-widget_type=\"text-editor.default\">\n\t\t\t\t<div class=\"elementor-widget-container\">\n\t\t\t\t\t\t\t\t\t<style>\n.bilingv h2 {\n  margin: 0 0 .5rem;\n  color: #0b5f3c;\n}\n.bilingv ul {\n  list-style: none;\n  padding-left: 0;\n  margin: .5rem 0 0;\n}\n.bilingv li {\n  margin: 0.75rem 0;\n  position: relative;\n  padding-left: 2rem;\n}\n.bilingv li::before {\n  content: \"\u2714\";\n  color: #0b5f3c;\n  font-weight: bold;\n  position: absolute;\n  left: 0;\n  top: 0;\n}\n<\/style>\n\n<div class=\"bilingv\">\n  <h2>Program bilingv francofon<\/h2>\n  <ul>\n    <li>Statutul de liceu bilingv francofon permite elevilor filierei bilingve s\u0103 se \u00eenscrie \u0219i s\u0103 sus\u021bin\u0103 bacalaureatul francofon, care le asigur\u0103 men\u021biunea special\u0103 <em>sec\u021bie bilingv\u0103 francofon\u0103<\/em> pe diploma de bacalaureat, facilit\u00e2ndu-le admiterea la o universitate francofon\u0103 sau la o sec\u021bie universitar\u0103 francofon\u0103 de la noi din \u021bar\u0103.<\/li>\n    <li>Colegiul Na\u021bional <strong>\u0218COALA CENTRAL\u0102<\/strong> face parte din re\u021beaua AEFE \u0219i este distins cu marca de calitate interna\u021bional\u0103 <strong>Label France Education<\/strong>, care atest\u0103 calitatea programului s\u0103u bilingv francofon.<\/li>\n  <\/ul>\n<\/div>\n\t\t\t\t\t\t\t\t<\/div>\n\t\t\t\t<\/div>\n\t\t\t\t<\/div>\n\t\t<div class=\"elementor-element elementor-element-d9a04eb e-con-full e-flex e-con e-child\" data-id=\"d9a04eb\" data-element_type=\"container\">\n\t\t\t\t<div class=\"elementor-element elementor-element-8ae1614 elementor-widget elementor-widget-image\" data-id=\"8ae1614\" data-element_type=\"widget\" data-widget_type=\"image.default\">\n\t\t\t\t<div class=\"elementor-widget-container\">\n\t\t\t\t\t\t\t\t\t\t\t\t\t\t\t<img decoding=\"async\" width=\"225\" height=\"225\" src=\"https:\/\/nou.cnscb.ro\/wp-content\/uploads\/2025\/03\/Imagine-WhatsApp-2025-09-25-la-11.52.43_8ff8a664.jpg\" class=\"attachment-large size-large wp-image-1863\" alt=\"\" srcset=\"https:\/\/nou.cnscb.ro\/wp-content\/uploads\/2025\/03\/Imagine-WhatsApp-2025-09-25-la-11.52.43_8ff8a664.jpg 225w, https:\/\/nou.cnscb.ro\/wp-content\/uploads\/2025\/03\/Imagine-WhatsApp-2025-09-25-la-11.52.43_8ff8a664-150x150.jpg 150w, https:\/\/nou.cnscb.ro\/wp-content\/uploads\/2025\/03\/Imagine-WhatsApp-2025-09-25-la-11.52.43_8ff8a664-12x12.jpg 12w\" sizes=\"(max-width: 225px) 100vw, 225px\" \/>\t\t\t\t\t\t\t\t\t\t\t\t\t\t\t<\/div>\n\t\t\t\t<\/div>\n\t\t\t\t<\/div>\n\t\t\t\t\t<\/div>\n\t\t\t\t<\/div>\n\t\t<div class=\"elementor-element elementor-element-842a380 e-flex e-con-boxed e-con e-parent\" data-id=\"842a380\" data-element_type=\"container\">\n\t\t\t\t\t<div class=\"e-con-inner\">\n\t\t<div class=\"elementor-element elementor-element-73720b3 e-con-full e-flex e-con e-child\" data-id=\"73720b3\" data-element_type=\"container\">\n\t\t\t\t<div class=\"elementor-element elementor-element-547eeeb elementor-widget elementor-widget-text-editor\" data-id=\"547eeeb\" data-element_type=\"widget\" data-widget_type=\"text-editor.default\">\n\t\t\t\t<div class=\"elementor-widget-container\">\n\t\t\t\t\t\t\t\t\t<style>\n.organizare h2 {\n  margin: 0 0 .5rem;\n  color: #0b5f3c;\n}\n.organizare ul {\n  list-style: none;\n  padding-left: 0;\n  margin: .5rem 0 0;\n}\n.organizare li {\n  margin: 0.5rem 0;\n  position: relative;\n  padding-left: 2rem;\n}\n.organizare li::before {\n  content: \"\u2714\";\n  color: #0b5f3c;\n  font-weight: bold;\n  position: absolute;\n  left: 0;\n  top: 0;\n}\n.organizare ul ul li::before {\n  content: \"\u2714\";     \/* \u0219i sublista are bife *\/\n  font-size: 0.9em; \/* pu\u021bin mai mic\u0103 *\/\n  color: #0b5f3c;\n}\n<\/style>\n\n<div class=\"organizare\">\n  <h2>Organizare<\/h2>\n  <ul>\n    <li>2 clase \/ nivel \u2013 filologie \/ matematic\u0103-informatic\u0103<\/li>\n    <li>5 ore de limba francez\u0103 \/ s\u0103pt\u0103m\u00e2n\u0103 pe grupe de maxim 15 elevi<\/li>\n    <li>\n      1 or\u0103 de DNL \u2013 disciplin\u0103 non-lingvistic\u0103 studiat\u0103 \u00een limba francez\u0103, dup\u0103 cum urmeaz\u0103:\n      <ul>\n        <li>Geografia Fran\u021bei (IX)<\/li>\n        <li>Istoria Fran\u021bei (X)<\/li>\n        <li>Geografie \/ Istorie \/ Matematic\u0103 \/ Fizic\u0103 (XI \u2013 XII, \u00een func\u021bie de profilul clasei \u0219i op\u021biunile elevilor)<\/li>\n      <\/ul>\n    <\/li>\n  <\/ul>\n<\/div>\n\t\t\t\t\t\t\t\t<\/div>\n\t\t\t\t<\/div>\n\t\t\t\t<div class=\"elementor-element elementor-element-76312b4 elementor-widget__width-initial elementor-widget elementor-widget-text-editor\" data-id=\"76312b4\" data-element_type=\"widget\" data-widget_type=\"text-editor.default\">\n\t\t\t\t<div class=\"elementor-widget-container\">\n\t\t\t\t\t\t\t\t\t<style>\n.conditii-admitere h2 {\n  margin: 0 0 .5rem;\n  color: #0b5f3c;\n}\n.conditii-admitere ul {\n  list-style: none;\n  padding-left: 0;\n  margin: .5rem 0 0;\n}\n.conditii-admitere li {\n  margin: 0.5rem 0;\n  position: relative;\n  padding-left: 2rem;\n}\n.conditii-admitere li::before {\n  content: \"\u2714\";\n  color: #0b5f3c;\n  font-weight: bold;\n  position: absolute;\n  left: 0;\n  top: 0;\n}\n<\/style>\n\n<div class=\"conditii-admitere\">\n  <h2>Condi\u021bii de admitere<\/h2>\n  <ul>\n    <li>Nivel minim A2 la limba francez\u0103, atestat printr-o diplom\u0103 DELF sau prin participarea la evaluarea competen\u021belor lingvistice organizat\u0103 \u00eenaintea examenelor na\u021bionale.<\/li>\n  <\/ul>\n<\/div>\n\t\t\t\t\t\t\t\t<\/div>\n\t\t\t\t<\/div>\n\t\t\t\t<\/div>\n\t\t<div class=\"elementor-element elementor-element-59a9b15 e-con-full e-flex e-con e-child\" data-id=\"59a9b15\" data-element_type=\"container\">\n\t\t\t\t<div class=\"elementor-element elementor-element-1975baa elementor-widget elementor-widget-image\" data-id=\"1975baa\" data-element_type=\"widget\" data-widget_type=\"image.default\">\n\t\t\t\t<div class=\"elementor-widget-container\">\n\t\t\t\t\t\t\t\t\t\t\t\t\t\t\t<img decoding=\"async\" width=\"1024\" height=\"799\" src=\"https:\/\/nou.cnscb.ro\/wp-content\/uploads\/2025\/10\/6-1024x799.jpg\" class=\"attachment-large size-large wp-image-1884\" alt=\"\" srcset=\"https:\/\/nou.cnscb.ro\/wp-content\/uploads\/2025\/10\/6-1024x799.jpg 1024w, https:\/\/nou.cnscb.ro\/wp-content\/uploads\/2025\/10\/6-300x234.jpg 300w, https:\/\/nou.cnscb.ro\/wp-content\/uploads\/2025\/10\/6-768x599.jpg 768w, https:\/\/nou.cnscb.ro\/wp-content\/uploads\/2025\/10\/6-15x12.jpg 15w, https:\/\/nou.cnscb.ro\/wp-content\/uploads\/2025\/10\/6.jpg 1038w\" sizes=\"(max-width: 1024px) 100vw, 1024px\" \/>\t\t\t\t\t\t\t\t\t\t\t\t\t\t\t<\/div>\n\t\t\t\t<\/div>\n\t\t\t\t<div class=\"elementor-element elementor-element-b185a0b elementor-widget__width-initial elementor-widget elementor-widget-image\" data-id=\"b185a0b\" data-element_type=\"widget\" data-widget_type=\"image.default\">\n\t\t\t\t<div class=\"elementor-widget-container\">\n\t\t\t\t\t\t\t\t\t\t\t\t\t\t\t<img loading=\"lazy\" decoding=\"async\" width=\"678\" height=\"918\" src=\"https:\/\/nou.cnscb.ro\/wp-content\/uploads\/2025\/10\/5.jpg\" class=\"attachment-large size-large wp-image-1880\" alt=\"\" srcset=\"https:\/\/nou.cnscb.ro\/wp-content\/uploads\/2025\/10\/5.jpg 678w, https:\/\/nou.cnscb.ro\/wp-content\/uploads\/2025\/10\/5-222x300.jpg 222w, https:\/\/nou.cnscb.ro\/wp-content\/uploads\/2025\/10\/5-9x12.jpg 9w\" sizes=\"(max-width: 678px) 100vw, 678px\" \/>\t\t\t\t\t\t\t\t\t\t\t\t\t\t\t<\/div>\n\t\t\t\t<\/div>\n\t\t\t\t<\/div>\n\t\t\t\t<div class=\"elementor-element elementor-element-1afa6a1 elementor-widget__width-initial elementor-widget elementor-widget-image\" data-id=\"1afa6a1\" data-element_type=\"widget\" data-widget_type=\"image.default\">\n\t\t\t\t<div class=\"elementor-widget-container\">\n\t\t\t\t\t\t\t\t\t\t\t\t\t\t\t<img loading=\"lazy\" decoding=\"async\" width=\"579\" height=\"954\" src=\"https:\/\/nou.cnscb.ro\/wp-content\/uploads\/2025\/09\/3.jpg\" class=\"attachment-large size-large wp-image-1875\" alt=\"\" srcset=\"https:\/\/nou.cnscb.ro\/wp-content\/uploads\/2025\/09\/3.jpg 579w, https:\/\/nou.cnscb.ro\/wp-content\/uploads\/2025\/09\/3-182x300.jpg 182w, https:\/\/nou.cnscb.ro\/wp-content\/uploads\/2025\/09\/3-7x12.jpg 7w\" sizes=\"(max-width: 579px) 100vw, 579px\" \/>\t\t\t\t\t\t\t\t\t\t\t\t\t\t\t<\/div>\n\t\t\t\t<\/div>\n\t\t\t\t\t<\/div>\n\t\t\t\t<\/div>\n\t\t<div class=\"elementor-element elementor-element-4c8f243 e-flex e-con-boxed e-con e-parent\" data-id=\"4c8f243\" data-element_type=\"container\">\n\t\t\t\t\t<div class=\"e-con-inner\">\n\t\t\t\t<div class=\"elementor-element elementor-element-8264fd0 elementor-widget elementor-widget-text-editor\" data-id=\"8264fd0\" data-element_type=\"widget\" data-widget_type=\"text-editor.default\">\n\t\t\t\t<div class=\"elementor-widget-container\">\n\t\t\t\t\t\t\t\t\t<style>\n.sectiune-bilingva h2 {\n  margin: 0 0 .5rem;\n  color: #0b5f3c;\n}\n.sectiune-bilingva ul {\n  list-style: none;       \/* ascund bullets implicite *\/\n  padding-left: 0;\n  margin: .5rem 0 0;\n}\n.sectiune-bilingva li {\n  margin: 0.5rem 0;\n  position: relative;\n  padding-left: 2rem;     \/* spa\u021biu pentru bifa *\/\n}\n.sectiune-bilingva li::before {\n  content: \"\u2714\";           \/* bifa verde *\/\n  color: #0b5f3c;\n  font-weight: bold;\n  position: absolute;\n  left: 0;\n  top: 0;\n}\n.sectiune-bilingva ul ul li::before {\n  content: \"\u2714\";           \/* bife \u0219i la sublist\u0103 *\/\n  font-size: 0.9em;       \/* pu\u021bin mai mic *\/\n  color: #0b5f3c;\n}\n<\/style>\n\n<div class=\"sectiune-bilingva\">\n  <h2>Condi\u021bii de ob\u021binere a men\u021biunii sec\u021biune bilingv\u0103 francofon\u0103 la bacalaureat:<\/h2>\n  <ul>\n    <li>Nivel B2 limba francez\u0103<\/li>\n    <li>\n      Promovarea probei de bacalaureat DNL, alc\u0103tuit\u0103 din 2 componente:\n      <ul>\n        <li>Promovarea Modulului Interdisciplinar la finalul clasei a XI-a (realizarea \u0219i prezentarea proiectului de modul)<\/li>\n        <li>Promovarea probei de bacalaureat DNL (independent de celelalte probe ale bacalaureatului na\u021bional)<\/li>\n      <\/ul>\n    <\/li>\n  <\/ul>\n<\/div>\n\t\t\t\t\t\t\t\t<\/div>\n\t\t\t\t<\/div>\n\t\t\t\t\t<\/div>\n\t\t\t\t<\/div>\n\t\t<div class=\"elementor-element elementor-element-10fa616 e-flex e-con-boxed e-con e-parent\" data-id=\"10fa616\" data-element_type=\"container\">\n\t\t\t\t\t<div class=\"e-con-inner\">\n\t\t<div class=\"elementor-element elementor-element-95d3f4b e-con-full e-flex e-con e-child\" data-id=\"95d3f4b\" data-element_type=\"container\">\n\t\t\t\t<div class=\"elementor-element elementor-element-cd36cb0 elementor-widget elementor-widget-text-editor\" data-id=\"cd36cb0\" data-element_type=\"widget\" data-widget_type=\"text-editor.default\">\n\t\t\t\t<div class=\"elementor-widget-container\">\n\t\t\t\t\t\t\t\t\t<style>\n.oportunitati h2 {\n  margin: 0 0 .5rem;\n  color: #0b5f3c;\n}\n.oportunitati ul {\n  list-style: none;\n  padding-left: 0;\n  margin: .5rem 0 0;\n}\n.oportunitati li {\n  margin: 0.5rem 0;\n  position: relative;\n  padding-left: 2rem;\n}\n.oportunitati li::before {\n  content: \"\u2714\";\n  color: #0b5f3c;\n  font-weight: bold;\n  position: absolute;\n  left: 0;\n  top: 0;\n}\n<\/style>\n\n<div class=\"oportunitati\">\n  <h2>Oportunit\u0103\u021bi<\/h2>\n  <ul>\n    <li><strong>Parteneriate permanente cu Ambasada Fran\u021bei prin Institutul Francez<\/strong>, concretizate \u00een activit\u0103\u021bi\/ac\u021biuni recurente organizate \u00een colaborare cu Serviciul de cooperare educativ\u0103 al Ambasadei, Mediateca IFB sau CampusFrance.<\/li>\n    <li><strong>Prezent\u0103ri ale mediului universitar francez\/francofon<\/strong>, pentru orientarea elevilor sec\u021biunii \u00een vederea alegerii parcursului academic superior.<\/li>\n    <li>Parteneriate cu <strong>mediul de afaceri francofon<\/strong> din Rom\u00e2nia.<\/li>\n    <li>Prezen\u021ba <strong>stagiarilor francofoni<\/strong> \u2013 timp de 3 luni\/an, elevii sec\u021biunii bilingve beneficiaz\u0103 de prezen\u021ba unui vorbitor nativ de limba francez\u0103, \u00een baza acordurilor semnate cu IFB.<\/li>\n    <li><strong>Activit\u0103\u021bi\/cluburi<\/strong> organizate pentru elevii francofoni la nivelul \u0219colii.<\/li>\n    <li><strong>Proiecte Erasmus+<\/strong> dar \u0219i <strong>proiecte francofone<\/strong> cu autofinan\u021bare, care le permit elevilor s\u0103 \u00ee\u0219i utilizeze competen\u021bele lingvistice \u00eentr-un context autentic.<\/li>\n  <\/ul>\n<\/div>\n\t\t\t\t\t\t\t\t<\/div>\n\t\t\t\t<\/div>\n\t\t\t\t<\/div>\n\t\t<div class=\"elementor-element elementor-element-dc4a7b1 e-con-full e-flex e-con e-child\" data-id=\"dc4a7b1\" data-element_type=\"container\">\n\t\t\t\t<div class=\"elementor-element elementor-element-45f4d08 elementor-widget__width-initial elementor-widget elementor-widget-image\" data-id=\"45f4d08\" data-element_type=\"widget\" data-widget_type=\"image.default\">\n\t\t\t\t<div class=\"elementor-widget-container\">\n\t\t\t\t\t\t\t\t\t\t\t\t\t\t\t<img loading=\"lazy\" decoding=\"async\" width=\"534\" height=\"924\" src=\"https:\/\/nou.cnscb.ro\/wp-content\/uploads\/2025\/10\/8-copy.jpg\" class=\"attachment-large size-large wp-image-1896\" alt=\"\" srcset=\"https:\/\/nou.cnscb.ro\/wp-content\/uploads\/2025\/10\/8-copy.jpg 534w, https:\/\/nou.cnscb.ro\/wp-content\/uploads\/2025\/10\/8-copy-173x300.jpg 173w, https:\/\/nou.cnscb.ro\/wp-content\/uploads\/2025\/10\/8-copy-7x12.jpg 7w\" sizes=\"(max-width: 534px) 100vw, 534px\" \/>\t\t\t\t\t\t\t\t\t\t\t\t\t\t\t<\/div>\n\t\t\t\t<\/div>\n\t\t\t\t<\/div>\n\t\t\t\t\t<\/div>\n\t\t\t\t<\/div>\n\t\t\t\t<\/div>","protected":false},"excerpt":{"rendered":"<p>\u00a0 Colegiul Na\u021bional \u0218COALA CENTRAL\u0102 din Bucure\u0219ti este singurul liceu din capital\u0103 care face parte din Proiectul bilingv francofon na\u021bional De la \u00eenv\u0103\u021b\u0103m\u00e2ntul bilingv c\u0103tre filiere universitare francofone, dezvoltat \u00een baza unui acord bilateral \u00eentre Fran\u021ba \u0219i Rom\u00e2nia. Program bilingv francofon Statutul de liceu bilingv francofon permite elevilor filierei bilingve s\u0103 se \u00eenscrie \u0219i s\u0103 [&hellip;]<\/p>","protected":false},"author":1,"featured_media":0,"parent":0,"menu_order":0,"comment_status":"closed","ping_status":"closed","template":"","meta":{"footnotes":""},"class_list":["post-1865","page","type-page","status-publish","hentry"],"_links":{"self":[{"href":"https:\/\/nou.cnscb.ro\/en\/wp-json\/wp\/v2\/pages\/1865","targetHints":{"allow":["GET"]}}],"collection":[{"href":"https:\/\/nou.cnscb.ro\/en\/wp-json\/wp\/v2\/pages"}],"about":[{"href":"https:\/\/nou.cnscb.ro\/en\/wp-json\/wp\/v2\/types\/page"}],"author":[{"embeddable":true,"href":"https:\/\/nou.cnscb.ro\/en\/wp-json\/wp\/v2\/users\/1"}],"replies":[{"embeddable":true,"href":"https:\/\/nou.cnscb.ro\/en\/wp-json\/wp\/v2\/comments?post=1865"}],"version-history":[{"count":52,"href":"https:\/\/nou.cnscb.ro\/en\/wp-json\/wp\/v2\/pages\/1865\/revisions"}],"predecessor-version":[{"id":1926,"href":"https:\/\/nou.cnscb.ro\/en\/wp-json\/wp\/v2\/pages\/1865\/revisions\/1926"}],"wp:attachment":[{"href":"https:\/\/nou.cnscb.ro\/en\/wp-json\/wp\/v2\/media?parent=1865"}],"curies":[{"name":"wp","href":"https:\/\/api.w.org\/{rel}","templated":true}]}}