{"id":946,"date":"2025-06-18T09:13:10","date_gmt":"2025-06-18T09:13:10","guid":{"rendered":"https:\/\/nou.cnscb.ro\/?page_id=946"},"modified":"2025-06-18T09:18:19","modified_gmt":"2025-06-18T09:18:19","slug":"proiectul-bilingv","status":"publish","type":"page","link":"https:\/\/nou.cnscb.ro\/en\/proiectul-bilingv\/","title":{"rendered":"Proiectul bilingv"},"content":{"rendered":"<div data-elementor-type=\"wp-page\" data-elementor-id=\"946\" class=\"elementor elementor-946\" data-elementor-post-type=\"page\">\n\t\t\t\t<div class=\"elementor-element elementor-element-97a4505 e-con-full e-flex e-con e-parent\" data-id=\"97a4505\" data-element_type=\"container\">\n\t\t\t\t<\/div>\n\t\t<div class=\"elementor-element elementor-element-5aee033 e-con-full e-flex e-con e-parent\" data-id=\"5aee033\" data-element_type=\"container\" data-settings=\"{&quot;background_background&quot;:&quot;classic&quot;}\">\n\t\t\t\t<\/div>\n\t\t<div class=\"elementor-element elementor-element-8784bc9 e-flex e-con-boxed e-con e-parent\" data-id=\"8784bc9\" data-element_type=\"container\">\n\t\t\t\t\t<div class=\"e-con-inner\">\n\t\t\t\t<div class=\"elementor-element elementor-element-b7bd18c elementor-widget elementor-widget-text-editor\" data-id=\"b7bd18c\" data-element_type=\"widget\" data-widget_type=\"text-editor.default\">\n\t\t\t\t<div class=\"elementor-widget-container\">\n\t\t\t\t\t\t\t\t\t<h4>in lucru&#8230;&#8230;&#8230;&#8230;&#8230;&#8230;&#8230;<\/h4>\t\t\t\t\t\t\t\t<\/div>\n\t\t\t\t<\/div>\n\t\t\t\t\t<\/div>\n\t\t\t\t<\/div>\n\t\t<div class=\"elementor-element elementor-element-3cb41b7 e-flex e-con-boxed e-con e-parent\" data-id=\"3cb41b7\" data-element_type=\"container\">\n\t\t\t\t\t<div class=\"e-con-inner\">\n\t\t\t\t<div class=\"elementor-element elementor-element-ed3637d elementor-widget elementor-widget-text-editor\" data-id=\"ed3637d\" data-element_type=\"widget\" data-widget_type=\"text-editor.default\">\n\t\t\t\t<div class=\"elementor-widget-container\">\n\t\t\t\t\t\t\t\t\t<h2>2016-2017<\/h2><p>\u00a0<\/p><h3>Produs final proiect interdisciplinar clasa a XI-a profil real an scolar 2015 &#8211; 2016<\/h3><p>\u00a0<\/p><h2>Impression<\/h2><p>Nous avons choisi ce sujet parce que c&#8217;est un probl\u00e8me qui int\u00e9resse toute l&#8217;humanit\u00e9, parce que c&#8217;est le domaine dans lequel on investit le plus et dont on peut tous profiter. Cela cherche a soulager la souffrance et a allonger la vie de nos familles, de nos amis et de nous-m\u00eames. En choisissant ce th\u00e8me, on voudrait contribuer a l&#8217;ouverture des gens vers les nouvelles technologies en m\u00e9decine. De plus, trois d&#8217;entre nous veulent \u00eatre m\u00e9decins. Tandis que les autres domaines sont des outils pour une vie plus facile, la m\u00e9decine est essentielle a la vie humaine. Elle ne cherche pas seulement de rendre les choses moins difficiles, mais son but est de gu\u00e9rir compl\u00e8tement et de sauver.<\/p>\t\t\t\t\t\t\t\t<\/div>\n\t\t\t\t<\/div>\n\t\t\t\t\t<\/div>\n\t\t\t\t<\/div>\n\t\t<div class=\"elementor-element elementor-element-862b13e e-flex e-con-boxed e-con e-parent\" data-id=\"862b13e\" data-element_type=\"container\">\n\t\t\t\t\t<div class=\"e-con-inner\">\n\t\t\t\t<div class=\"elementor-element elementor-element-78532ec elementor-widget elementor-widget-gallery\" data-id=\"78532ec\" data-element_type=\"widget\" data-settings=\"{&quot;lazyload&quot;:&quot;yes&quot;,&quot;gallery_layout&quot;:&quot;grid&quot;,&quot;columns&quot;:4,&quot;columns_tablet&quot;:2,&quot;columns_mobile&quot;:1,&quot;gap&quot;:{&quot;unit&quot;:&quot;px&quot;,&quot;size&quot;:10,&quot;sizes&quot;:[]},&quot;gap_tablet&quot;:{&quot;unit&quot;:&quot;px&quot;,&quot;size&quot;:10,&quot;sizes&quot;:[]},&quot;gap_mobile&quot;:{&quot;unit&quot;:&quot;px&quot;,&quot;size&quot;:10,&quot;sizes&quot;:[]},&quot;link_to&quot;:&quot;file&quot;,&quot;aspect_ratio&quot;:&quot;3:2&quot;,&quot;overlay_background&quot;:&quot;yes&quot;,&quot;content_hover_animation&quot;:&quot;fade-in&quot;}\" data-widget_type=\"gallery.default\">\n\t\t\t\t<div class=\"elementor-widget-container\">\n\t\t\t\t\t\t\t<div class=\"elementor-gallery__container\">\n\t\t\t\t\t\t\t<a class=\"e-gallery-item elementor-gallery-item elementor-animated-content\" href=\"https:\/\/nou.cnscb.ro\/wp-content\/uploads\/2025\/06\/1.jpg\" data-elementor-open-lightbox=\"yes\" data-elementor-lightbox-slideshow=\"78532ec\" data-elementor-lightbox-title=\"1\" data-e-action-hash=\"#elementor-action%3Aaction%3Dlightbox%26settings%3DeyJpZCI6OTQ4LCJ1cmwiOiJodHRwczpcL1wvbm91LmNuc2NiLnJvXC93cC1jb250ZW50XC91cGxvYWRzXC8yMDI1XC8wNlwvMS5qcGciLCJzbGlkZXNob3ciOiI3ODUzMmVjIn0%3D\">\n\t\t\t\t\t<div class=\"e-gallery-image elementor-gallery-item__image\" data-thumbnail=\"https:\/\/nou.cnscb.ro\/wp-content\/uploads\/2025\/06\/1-300x169.jpg\" data-width=\"300\" data-height=\"169\" aria-label=\"\" role=\"img\" ><\/div>\n\t\t\t\t\t\t\t\t\t\t\t<div class=\"elementor-gallery-item__overlay\"><\/div>\n\t\t\t\t\t\t\t\t\t\t\t\t\t\t<\/a>\n\t\t\t\t\t\t\t<a class=\"e-gallery-item elementor-gallery-item elementor-animated-content\" href=\"https:\/\/nou.cnscb.ro\/wp-content\/uploads\/2025\/06\/2.jpg\" data-elementor-open-lightbox=\"yes\" data-elementor-lightbox-slideshow=\"78532ec\" data-elementor-lightbox-title=\"2\" data-e-action-hash=\"#elementor-action%3Aaction%3Dlightbox%26settings%3DeyJpZCI6OTQ5LCJ1cmwiOiJodHRwczpcL1wvbm91LmNuc2NiLnJvXC93cC1jb250ZW50XC91cGxvYWRzXC8yMDI1XC8wNlwvMi5qcGciLCJzbGlkZXNob3ciOiI3ODUzMmVjIn0%3D\">\n\t\t\t\t\t<div class=\"e-gallery-image elementor-gallery-item__image\" data-thumbnail=\"https:\/\/nou.cnscb.ro\/wp-content\/uploads\/2025\/06\/2-300x169.jpg\" data-width=\"300\" data-height=\"169\" aria-label=\"\" role=\"img\" ><\/div>\n\t\t\t\t\t\t\t\t\t\t\t<div class=\"elementor-gallery-item__overlay\"><\/div>\n\t\t\t\t\t\t\t\t\t\t\t\t\t\t<\/a>\n\t\t\t\t\t\t\t<a class=\"e-gallery-item elementor-gallery-item elementor-animated-content\" href=\"https:\/\/nou.cnscb.ro\/wp-content\/uploads\/2025\/06\/3.jpg\" data-elementor-open-lightbox=\"yes\" data-elementor-lightbox-slideshow=\"78532ec\" data-elementor-lightbox-title=\"3\" data-e-action-hash=\"#elementor-action%3Aaction%3Dlightbox%26settings%3DeyJpZCI6OTUwLCJ1cmwiOiJodHRwczpcL1wvbm91LmNuc2NiLnJvXC93cC1jb250ZW50XC91cGxvYWRzXC8yMDI1XC8wNlwvMy5qcGciLCJzbGlkZXNob3ciOiI3ODUzMmVjIn0%3D\">\n\t\t\t\t\t<div class=\"e-gallery-image elementor-gallery-item__image\" data-thumbnail=\"https:\/\/nou.cnscb.ro\/wp-content\/uploads\/2025\/06\/3-300x169.jpg\" data-width=\"300\" data-height=\"169\" aria-label=\"\" role=\"img\" ><\/div>\n\t\t\t\t\t\t\t\t\t\t\t<div class=\"elementor-gallery-item__overlay\"><\/div>\n\t\t\t\t\t\t\t\t\t\t\t\t\t\t<\/a>\n\t\t\t\t\t\t\t<a class=\"e-gallery-item elementor-gallery-item elementor-animated-content\" href=\"https:\/\/nou.cnscb.ro\/wp-content\/uploads\/2025\/06\/4.jpg\" data-elementor-open-lightbox=\"yes\" data-elementor-lightbox-slideshow=\"78532ec\" data-elementor-lightbox-title=\"4\" data-e-action-hash=\"#elementor-action%3Aaction%3Dlightbox%26settings%3DeyJpZCI6OTUxLCJ1cmwiOiJodHRwczpcL1wvbm91LmNuc2NiLnJvXC93cC1jb250ZW50XC91cGxvYWRzXC8yMDI1XC8wNlwvNC5qcGciLCJzbGlkZXNob3ciOiI3ODUzMmVjIn0%3D\">\n\t\t\t\t\t<div class=\"e-gallery-image elementor-gallery-item__image\" data-thumbnail=\"https:\/\/nou.cnscb.ro\/wp-content\/uploads\/2025\/06\/4-225x300.jpg\" data-width=\"225\" data-height=\"300\" aria-label=\"\" role=\"img\" ><\/div>\n\t\t\t\t\t\t\t\t\t\t\t<div class=\"elementor-gallery-item__overlay\"><\/div>\n\t\t\t\t\t\t\t\t\t\t\t\t\t\t<\/a>\n\t\t\t\t\t\t\t<a class=\"e-gallery-item elementor-gallery-item elementor-animated-content\" href=\"https:\/\/nou.cnscb.ro\/wp-content\/uploads\/2025\/06\/5.jpg\" data-elementor-open-lightbox=\"yes\" data-elementor-lightbox-slideshow=\"78532ec\" data-elementor-lightbox-title=\"5\" data-e-action-hash=\"#elementor-action%3Aaction%3Dlightbox%26settings%3DeyJpZCI6OTUyLCJ1cmwiOiJodHRwczpcL1wvbm91LmNuc2NiLnJvXC93cC1jb250ZW50XC91cGxvYWRzXC8yMDI1XC8wNlwvNS5qcGciLCJzbGlkZXNob3ciOiI3ODUzMmVjIn0%3D\">\n\t\t\t\t\t<div class=\"e-gallery-image elementor-gallery-item__image\" data-thumbnail=\"https:\/\/nou.cnscb.ro\/wp-content\/uploads\/2025\/06\/5-300x169.jpg\" data-width=\"300\" data-height=\"169\" aria-label=\"\" role=\"img\" ><\/div>\n\t\t\t\t\t\t\t\t\t\t\t<div class=\"elementor-gallery-item__overlay\"><\/div>\n\t\t\t\t\t\t\t\t\t\t\t\t\t\t<\/a>\n\t\t\t\t\t\t\t<a class=\"e-gallery-item elementor-gallery-item elementor-animated-content\" href=\"https:\/\/nou.cnscb.ro\/wp-content\/uploads\/2025\/06\/6.jpg\" data-elementor-open-lightbox=\"yes\" data-elementor-lightbox-slideshow=\"78532ec\" data-elementor-lightbox-title=\"6\" data-e-action-hash=\"#elementor-action%3Aaction%3Dlightbox%26settings%3DeyJpZCI6OTUzLCJ1cmwiOiJodHRwczpcL1wvbm91LmNuc2NiLnJvXC93cC1jb250ZW50XC91cGxvYWRzXC8yMDI1XC8wNlwvNi5qcGciLCJzbGlkZXNob3ciOiI3ODUzMmVjIn0%3D\">\n\t\t\t\t\t<div class=\"e-gallery-image elementor-gallery-item__image\" data-thumbnail=\"https:\/\/nou.cnscb.ro\/wp-content\/uploads\/2025\/06\/6-300x225.jpg\" data-width=\"300\" data-height=\"225\" aria-label=\"\" role=\"img\" ><\/div>\n\t\t\t\t\t\t\t\t\t\t\t<div class=\"elementor-gallery-item__overlay\"><\/div>\n\t\t\t\t\t\t\t\t\t\t\t\t\t\t<\/a>\n\t\t\t\t\t\t\t<a class=\"e-gallery-item elementor-gallery-item elementor-animated-content\" href=\"https:\/\/nou.cnscb.ro\/wp-content\/uploads\/2025\/06\/7.jpg\" data-elementor-open-lightbox=\"yes\" data-elementor-lightbox-slideshow=\"78532ec\" data-elementor-lightbox-title=\"7\" data-e-action-hash=\"#elementor-action%3Aaction%3Dlightbox%26settings%3DeyJpZCI6OTU0LCJ1cmwiOiJodHRwczpcL1wvbm91LmNuc2NiLnJvXC93cC1jb250ZW50XC91cGxvYWRzXC8yMDI1XC8wNlwvNy5qcGciLCJzbGlkZXNob3ciOiI3ODUzMmVjIn0%3D\">\n\t\t\t\t\t<div class=\"e-gallery-image elementor-gallery-item__image\" data-thumbnail=\"https:\/\/nou.cnscb.ro\/wp-content\/uploads\/2025\/06\/7-225x300.jpg\" data-width=\"225\" data-height=\"300\" aria-label=\"\" role=\"img\" ><\/div>\n\t\t\t\t\t\t\t\t\t\t\t<div class=\"elementor-gallery-item__overlay\"><\/div>\n\t\t\t\t\t\t\t\t\t\t\t\t\t\t<\/a>\n\t\t\t\t\t<\/div>\n\t\t\t\t\t<\/div>\n\t\t\t\t<\/div>\n\t\t\t\t\t<\/div>\n\t\t\t\t<\/div>\n\t\t<div class=\"elementor-element elementor-element-e30afd1 e-flex e-con-boxed e-con e-parent\" data-id=\"e30afd1\" data-element_type=\"container\">\n\t\t\t\t\t<div class=\"e-con-inner\">\n\t\t\t\t<div class=\"elementor-element elementor-element-ce26c9a elementor-widget elementor-widget-text-editor\" data-id=\"ce26c9a\" data-element_type=\"widget\" data-widget_type=\"text-editor.default\">\n\t\t\t\t<div class=\"elementor-widget-container\">\n\t\t\t\t\t\t\t\t\t<p><a href=\"https:\/\/cnscb.ro\/pr_bilingv.php#null\">Grille de recherche documentaire groupe1<\/a><br \/><a href=\"https:\/\/cnscb.ro\/pr_bilingv.php#null\">Impression 3d en medecine<\/a><br \/><a href=\"https:\/\/cnscb.ro\/pr_bilingv.php#null\">Produit final &#8211; revue<\/a><\/p>\t\t\t\t\t\t\t\t<\/div>\n\t\t\t\t<\/div>\n\t\t\t\t\t<\/div>\n\t\t\t\t<\/div>\n\t\t<div class=\"elementor-element elementor-element-6189c0c e-flex e-con-boxed e-con e-parent\" data-id=\"6189c0c\" data-element_type=\"container\">\n\t\t\t\t\t<div class=\"e-con-inner\">\n\t\t\t\t<div class=\"elementor-element elementor-element-a540aed elementor-widget elementor-widget-text-editor\" data-id=\"a540aed\" data-element_type=\"widget\" data-widget_type=\"text-editor.default\">\n\t\t\t\t<div class=\"elementor-widget-container\">\n\t\t\t\t\t\t\t\t\t<h2>Voiture de l&#8217;avenir<\/h2><p>Notre sous-th\u00e8me s&#8217;appelle &#8222;La voiture de l&#8217;avenir&#8221;, et notre probl\u00e9matique est &#8222;Comment les technologies de pointe influencent-elles la voiture de l&#8217;avenir ?&#8221;. De nos jours, la voiture est une partie importante de la vie. C&#8217;est pour cela qu&#8217;on a choisi ce sous-th\u00e8me, c&#8217;est un sujet d&#8217;actualit\u00e9, et en plus, on est presqu&#8217;a l&#8217;age ou l&#8217;on peut passer son permis de conduire. C&#8217;est alors, un sujet qui devient de plus en plus int\u00e9ressant pour nous. De plus, personne ne s&#8217;attend a ce que les filles puissent r\u00e9aliser un projet sur les voitures. C&#8217;est donc aussi un d\u00e8fi personnel pour nous.<\/p>\t\t\t\t\t\t\t\t<\/div>\n\t\t\t\t<\/div>\n\t\t\t\t<div class=\"elementor-element elementor-element-32e9231 elementor-widget elementor-widget-gallery\" data-id=\"32e9231\" data-element_type=\"widget\" data-settings=\"{&quot;columns&quot;:5,&quot;lazyload&quot;:&quot;yes&quot;,&quot;gallery_layout&quot;:&quot;grid&quot;,&quot;columns_tablet&quot;:2,&quot;columns_mobile&quot;:1,&quot;gap&quot;:{&quot;unit&quot;:&quot;px&quot;,&quot;size&quot;:10,&quot;sizes&quot;:[]},&quot;gap_tablet&quot;:{&quot;unit&quot;:&quot;px&quot;,&quot;size&quot;:10,&quot;sizes&quot;:[]},&quot;gap_mobile&quot;:{&quot;unit&quot;:&quot;px&quot;,&quot;size&quot;:10,&quot;sizes&quot;:[]},&quot;link_to&quot;:&quot;file&quot;,&quot;aspect_ratio&quot;:&quot;3:2&quot;,&quot;overlay_background&quot;:&quot;yes&quot;,&quot;content_hover_animation&quot;:&quot;fade-in&quot;}\" data-widget_type=\"gallery.default\">\n\t\t\t\t<div class=\"elementor-widget-container\">\n\t\t\t\t\t\t\t<div class=\"elementor-gallery__container\">\n\t\t\t\t\t\t\t<a class=\"e-gallery-item elementor-gallery-item elementor-animated-content\" href=\"https:\/\/nou.cnscb.ro\/wp-content\/uploads\/2025\/06\/6-1.jpg\" data-elementor-open-lightbox=\"yes\" data-elementor-lightbox-slideshow=\"32e9231\" data-elementor-lightbox-title=\"6\" data-e-action-hash=\"#elementor-action%3Aaction%3Dlightbox%26settings%3DeyJpZCI6OTU4LCJ1cmwiOiJodHRwczpcL1wvbm91LmNuc2NiLnJvXC93cC1jb250ZW50XC91cGxvYWRzXC8yMDI1XC8wNlwvNi0xLmpwZyIsInNsaWRlc2hvdyI6IjMyZTkyMzEifQ%3D%3D\">\n\t\t\t\t\t<div class=\"e-gallery-image elementor-gallery-item__image\" data-thumbnail=\"https:\/\/nou.cnscb.ro\/wp-content\/uploads\/2025\/06\/6-1-300x225.jpg\" data-width=\"300\" data-height=\"225\" aria-label=\"\" role=\"img\" ><\/div>\n\t\t\t\t\t\t\t\t\t\t\t<div class=\"elementor-gallery-item__overlay\"><\/div>\n\t\t\t\t\t\t\t\t\t\t\t\t\t\t<\/a>\n\t\t\t\t\t\t\t<a class=\"e-gallery-item elementor-gallery-item elementor-animated-content\" href=\"https:\/\/nou.cnscb.ro\/wp-content\/uploads\/2025\/06\/7-1.jpg\" data-elementor-open-lightbox=\"yes\" data-elementor-lightbox-slideshow=\"32e9231\" data-elementor-lightbox-title=\"7\" data-e-action-hash=\"#elementor-action%3Aaction%3Dlightbox%26settings%3DeyJpZCI6OTU5LCJ1cmwiOiJodHRwczpcL1wvbm91LmNuc2NiLnJvXC93cC1jb250ZW50XC91cGxvYWRzXC8yMDI1XC8wNlwvNy0xLmpwZyIsInNsaWRlc2hvdyI6IjMyZTkyMzEifQ%3D%3D\">\n\t\t\t\t\t<div class=\"e-gallery-image elementor-gallery-item__image\" data-thumbnail=\"https:\/\/nou.cnscb.ro\/wp-content\/uploads\/2025\/06\/7-1-300x300.jpg\" data-width=\"300\" data-height=\"300\" aria-label=\"\" role=\"img\" ><\/div>\n\t\t\t\t\t\t\t\t\t\t\t<div class=\"elementor-gallery-item__overlay\"><\/div>\n\t\t\t\t\t\t\t\t\t\t\t\t\t\t<\/a>\n\t\t\t\t\t\t\t<a class=\"e-gallery-item elementor-gallery-item elementor-animated-content\" href=\"https:\/\/nou.cnscb.ro\/wp-content\/uploads\/2025\/06\/8.jpg\" data-elementor-open-lightbox=\"yes\" data-elementor-lightbox-slideshow=\"32e9231\" data-elementor-lightbox-title=\"8\" data-e-action-hash=\"#elementor-action%3Aaction%3Dlightbox%26settings%3DeyJpZCI6OTYwLCJ1cmwiOiJodHRwczpcL1wvbm91LmNuc2NiLnJvXC93cC1jb250ZW50XC91cGxvYWRzXC8yMDI1XC8wNlwvOC5qcGciLCJzbGlkZXNob3ciOiIzMmU5MjMxIn0%3D\">\n\t\t\t\t\t<div class=\"e-gallery-image elementor-gallery-item__image\" data-thumbnail=\"https:\/\/nou.cnscb.ro\/wp-content\/uploads\/2025\/06\/8-180x300.jpg\" data-width=\"180\" data-height=\"300\" aria-label=\"\" role=\"img\" ><\/div>\n\t\t\t\t\t\t\t\t\t\t\t<div class=\"elementor-gallery-item__overlay\"><\/div>\n\t\t\t\t\t\t\t\t\t\t\t\t\t\t<\/a>\n\t\t\t\t\t\t\t<a class=\"e-gallery-item elementor-gallery-item elementor-animated-content\" href=\"https:\/\/nou.cnscb.ro\/wp-content\/uploads\/2025\/06\/9.jpg\" data-elementor-open-lightbox=\"yes\" data-elementor-lightbox-slideshow=\"32e9231\" data-elementor-lightbox-title=\"9\" data-e-action-hash=\"#elementor-action%3Aaction%3Dlightbox%26settings%3DeyJpZCI6OTYxLCJ1cmwiOiJodHRwczpcL1wvbm91LmNuc2NiLnJvXC93cC1jb250ZW50XC91cGxvYWRzXC8yMDI1XC8wNlwvOS5qcGciLCJzbGlkZXNob3ciOiIzMmU5MjMxIn0%3D\">\n\t\t\t\t\t<div class=\"e-gallery-image elementor-gallery-item__image\" data-thumbnail=\"https:\/\/nou.cnscb.ro\/wp-content\/uploads\/2025\/06\/9-180x300.jpg\" data-width=\"180\" data-height=\"300\" aria-label=\"\" role=\"img\" ><\/div>\n\t\t\t\t\t\t\t\t\t\t\t<div class=\"elementor-gallery-item__overlay\"><\/div>\n\t\t\t\t\t\t\t\t\t\t\t\t\t\t<\/a>\n\t\t\t\t\t\t\t<a class=\"e-gallery-item elementor-gallery-item elementor-animated-content\" href=\"https:\/\/nou.cnscb.ro\/wp-content\/uploads\/2025\/06\/10.jpg\" data-elementor-open-lightbox=\"yes\" data-elementor-lightbox-slideshow=\"32e9231\" data-elementor-lightbox-title=\"10\" data-e-action-hash=\"#elementor-action%3Aaction%3Dlightbox%26settings%3DeyJpZCI6OTYyLCJ1cmwiOiJodHRwczpcL1wvbm91LmNuc2NiLnJvXC93cC1jb250ZW50XC91cGxvYWRzXC8yMDI1XC8wNlwvMTAuanBnIiwic2xpZGVzaG93IjoiMzJlOTIzMSJ9\">\n\t\t\t\t\t<div class=\"e-gallery-image elementor-gallery-item__image\" data-thumbnail=\"https:\/\/nou.cnscb.ro\/wp-content\/uploads\/2025\/06\/10-180x300.jpg\" data-width=\"180\" data-height=\"300\" aria-label=\"\" role=\"img\" ><\/div>\n\t\t\t\t\t\t\t\t\t\t\t<div class=\"elementor-gallery-item__overlay\"><\/div>\n\t\t\t\t\t\t\t\t\t\t\t\t\t\t<\/a>\n\t\t\t\t\t<\/div>\n\t\t\t\t\t<\/div>\n\t\t\t\t<\/div>\n\t\t\t\t\t<\/div>\n\t\t\t\t<\/div>\n\t\t<div class=\"elementor-element elementor-element-d43fe8f e-flex e-con-boxed e-con e-parent\" data-id=\"d43fe8f\" data-element_type=\"container\">\n\t\t\t\t\t<div class=\"e-con-inner\">\n\t\t\t\t<div class=\"elementor-element elementor-element-7666877 elementor-widget elementor-widget-text-editor\" data-id=\"7666877\" data-element_type=\"widget\" data-widget_type=\"text-editor.default\">\n\t\t\t\t<div class=\"elementor-widget-container\">\n\t\t\t\t\t\t\t\t\t<p><a href=\"https:\/\/cnscb.ro\/pr_bilingv.php#null\">Grille de recherche1<\/a><br \/><a href=\"https:\/\/cnscb.ro\/pr_bilingv.php#null\">Grille de recherche2<\/a><br \/><a href=\"https:\/\/cnscb.ro\/pr_bilingv.php#null\">Grille de recherche3<\/a><br \/><a href=\"https:\/\/cnscb.ro\/pr_bilingv.php#null\">Produit final &#8211; revue<\/a><br \/><a href=\"https:\/\/cnscb.ro\/pr_bilingv.php#null\">Revue la voiture de l&#8217;avenir<\/a><\/p>\t\t\t\t\t\t\t\t<\/div>\n\t\t\t\t<\/div>\n\t\t\t\t\t<\/div>\n\t\t\t\t<\/div>\n\t\t\t\t<\/div>","protected":false},"excerpt":{"rendered":"<p>in lucru&#8230;&#8230;&#8230;&#8230;&#8230;&#8230;&#8230; 2016-2017 \u00a0 Produs final proiect interdisciplinar clasa a XI-a profil real an scolar 2015 &#8211; 2016 \u00a0 Impression Nous avons choisi ce sujet parce que c&#8217;est un probl\u00e8me qui int\u00e9resse toute l&#8217;humanit\u00e9, parce que c&#8217;est le domaine dans lequel on investit le plus et dont on peut tous profiter. Cela cherche a soulager [&hellip;]<\/p>","protected":false},"author":1,"featured_media":0,"parent":0,"menu_order":0,"comment_status":"closed","ping_status":"closed","template":"","meta":{"footnotes":""},"class_list":["post-946","page","type-page","status-publish","hentry"],"_links":{"self":[{"href":"https:\/\/nou.cnscb.ro\/en\/wp-json\/wp\/v2\/pages\/946","targetHints":{"allow":["GET"]}}],"collection":[{"href":"https:\/\/nou.cnscb.ro\/en\/wp-json\/wp\/v2\/pages"}],"about":[{"href":"https:\/\/nou.cnscb.ro\/en\/wp-json\/wp\/v2\/types\/page"}],"author":[{"embeddable":true,"href":"https:\/\/nou.cnscb.ro\/en\/wp-json\/wp\/v2\/users\/1"}],"replies":[{"embeddable":true,"href":"https:\/\/nou.cnscb.ro\/en\/wp-json\/wp\/v2\/comments?post=946"}],"version-history":[{"count":7,"href":"https:\/\/nou.cnscb.ro\/en\/wp-json\/wp\/v2\/pages\/946\/revisions"}],"predecessor-version":[{"id":965,"href":"https:\/\/nou.cnscb.ro\/en\/wp-json\/wp\/v2\/pages\/946\/revisions\/965"}],"wp:attachment":[{"href":"https:\/\/nou.cnscb.ro\/en\/wp-json\/wp\/v2\/media?parent=946"}],"curies":[{"name":"wp","href":"https:\/\/api.w.org\/{rel}","templated":true}]}}