{"id":984,"date":"2025-06-18T09:26:13","date_gmt":"2025-06-18T09:26:13","guid":{"rendered":"https:\/\/nou.cnscb.ro\/?page_id=984"},"modified":"2025-06-18T09:27:49","modified_gmt":"2025-06-18T09:27:49","slug":"comisia-pentru-prevenirea-si-eliminarea-violentei","status":"publish","type":"page","link":"https:\/\/nou.cnscb.ro\/en\/comisia-pentru-prevenirea-si-eliminarea-violentei\/","title":{"rendered":"Comisia pentru prevenirea \u0219i eliminarea violen\u021bei"},"content":{"rendered":"<div data-elementor-type=\"wp-page\" data-elementor-id=\"984\" class=\"elementor elementor-984\" data-elementor-post-type=\"page\">\n\t\t\t\t<div class=\"elementor-element elementor-element-5aee033 e-con-full e-flex e-con e-parent\" data-id=\"5aee033\" data-element_type=\"container\" data-settings=\"{&quot;background_background&quot;:&quot;classic&quot;}\">\n\t\t\t\t<\/div>\n\t\t<div class=\"elementor-element elementor-element-8784bc9 e-flex e-con-boxed e-con e-parent\" data-id=\"8784bc9\" data-element_type=\"container\">\n\t\t\t\t\t<div class=\"e-con-inner\">\n\t\t\t\t<div class=\"elementor-element elementor-element-c04a0e7 elementor-widget elementor-widget-text-editor\" data-id=\"c04a0e7\" data-element_type=\"widget\" data-widget_type=\"text-editor.default\">\n\t\t\t\t<div class=\"elementor-widget-container\">\n\t\t\t\t\t\t\t\t\t<table class=\"table\">\n<tbody>\n<tr>\n<td>1. Director adjunct profesor Azamfirei Daiana Irenne<\/td>\n<td>pre\u0219edinte<\/td>\n<\/tr>\n<tr>\n<td>2. Profesor Popescu Ana Maria<\/td>\n<td>responsabil comisie<\/td>\n<\/tr>\n<tr>\n<td>3. Profesor Zota Gabriela<\/td>\n<td>membru<\/td>\n<\/tr>\n<tr>\n<td>4. Profesor Peter Ludmila<\/td>\n<td>membru<\/td>\n<\/tr>\n<tr>\n<td>5. Profesor Grecu Adrian<\/td>\n<td>membru<\/td>\n<\/tr>\n<tr>\n<td>6. Profesor cosilier Prodan Hora Alina<\/td>\n<td>membru<\/td>\n<\/tr>\n<tr>\n<td>7. Profesor cosilier Ghimpe Iulia<\/td>\n<td>membru<\/td>\n<\/tr>\n<tr>\n<td>8. Dl. R\u0103dulescu Radu<\/td>\n<td>Reprezentant al Asocia\u021biei P\u0103rin\u0163ilor din CNSCB<\/td>\n<\/tr>\n<tr>\n<td>9. Dl. Stirbe\u021b Gelu<\/td>\n<td>Reprezentant al Consiliului P\u0103rin\u021bilor din CNSCB<\/td>\n<\/tr>\n<tr>\n<td>10. Olteanu Lorena<\/td>\n<td>Reprezentant al Consiliului Elevilor<\/td>\n<\/tr>\n\n<\/tbody>\n<\/table>\t\t\t\t\t\t\t\t<\/div>\n\t\t\t\t<\/div>\n\t\t\t\t\t<\/div>\n\t\t\t\t<\/div>\n\t\t<div class=\"elementor-element elementor-element-3cb41b7 e-flex e-con-boxed e-con e-parent\" data-id=\"3cb41b7\" data-element_type=\"container\">\n\t\t\t\t\t<div class=\"e-con-inner\">\n\t\t\t\t<div class=\"elementor-element elementor-element-24338df elementor-widget elementor-widget-text-editor\" data-id=\"24338df\" data-element_type=\"widget\" data-widget_type=\"text-editor.default\">\n\t\t\t\t<div class=\"elementor-widget-container\">\n\t\t\t\t\t\t\t\t\t<p><img decoding=\"async\" src=\"https:\/\/cnscb.ro\/imagini\/ad1.jpg\" \/>\u00a0 <a href=\"https:\/\/nou.cnscb.ro\/wp-content\/uploads\/2025\/06\/pr_com_viol_fin24.pdf\"><b>PROCEDUR\u0102 OPERA\u021aIONAL\u0102 PRIVIND PREVENIREA \u0218I ELIMINAREA VIOLEN\u021aEI, A FAPTELOR DE CORUP\u0162IE \u015eI DISCRIMIN\u0102RII \u00ceN MEDIUL \u015eCOLAR \u015eI PROMOVAREA INTERCULTURALIT\u0102\u0162II<\/b><\/a><\/p>\t\t\t\t\t\t\t\t<\/div>\n\t\t\t\t<\/div>\n\t\t\t\t\t<\/div>\n\t\t\t\t<\/div>\n\t\t\t\t<\/div>","protected":false},"excerpt":{"rendered":"<p>1. Director adjunct profesor Azamfirei Daiana Irenne pre\u0219edinte 2. Profesor Popescu Ana Maria responsabil comisie 3. Profesor Zota Gabriela membru 4. Profesor Peter Ludmila membru 5. Profesor Grecu Adrian membru 6. Profesor cosilier Prodan Hora Alina membru 7. Profesor cosilier Ghimpe Iulia membru 8. Dl. R\u0103dulescu Radu Reprezentant al Asocia\u021biei P\u0103rin\u0163ilor din CNSCB 9. Dl. [&hellip;]<\/p>","protected":false},"author":1,"featured_media":0,"parent":0,"menu_order":0,"comment_status":"closed","ping_status":"closed","template":"","meta":{"footnotes":""},"class_list":["post-984","page","type-page","status-publish","hentry"],"_links":{"self":[{"href":"https:\/\/nou.cnscb.ro\/en\/wp-json\/wp\/v2\/pages\/984","targetHints":{"allow":["GET"]}}],"collection":[{"href":"https:\/\/nou.cnscb.ro\/en\/wp-json\/wp\/v2\/pages"}],"about":[{"href":"https:\/\/nou.cnscb.ro\/en\/wp-json\/wp\/v2\/types\/page"}],"author":[{"embeddable":true,"href":"https:\/\/nou.cnscb.ro\/en\/wp-json\/wp\/v2\/users\/1"}],"replies":[{"embeddable":true,"href":"https:\/\/nou.cnscb.ro\/en\/wp-json\/wp\/v2\/comments?post=984"}],"version-history":[{"count":4,"href":"https:\/\/nou.cnscb.ro\/en\/wp-json\/wp\/v2\/pages\/984\/revisions"}],"predecessor-version":[{"id":989,"href":"https:\/\/nou.cnscb.ro\/en\/wp-json\/wp\/v2\/pages\/984\/revisions\/989"}],"wp:attachment":[{"href":"https:\/\/nou.cnscb.ro\/en\/wp-json\/wp\/v2\/media?parent=984"}],"curies":[{"name":"wp","href":"https:\/\/api.w.org\/{rel}","templated":true}]}}